{"id":1003,"date":"2023-07-10T10:03:29","date_gmt":"2023-07-10T08:03:29","guid":{"rendered":"https:\/\/www.chateaupimo.fr\/?page_id=1003"},"modified":"2025-10-20T14:37:33","modified_gmt":"2025-10-20T12:37:33","slug":"access-and-contact-hotel-de-charme-var","status":"publish","type":"page","link":"https:\/\/www.chateaupimo.fr\/en\/access-and-contact-hotel-de-charme-var\/","title":{"rendered":"Access and contact"},"content":{"rendered":"<div data-elementor-type=\"wp-page\" data-elementor-id=\"1003\" class=\"elementor elementor-1003\" data-elementor-post-type=\"page\">\n\t\t\t\t<div class=\"elementor-element elementor-element-074881a e-con-full e-flex e-con e-parent\" data-id=\"074881a\" data-element_type=\"container\" id=\"top\" data-settings=\"{&quot;background_background&quot;:&quot;classic&quot;}\">\n\t\t\t\t<div class=\"elementor-element elementor-element-e5628e2 elementor-widget elementor-widget-heading\" data-id=\"e5628e2\" data-element_type=\"widget\" data-widget_type=\"heading.default\">\n\t\t\t\t<div class=\"elementor-widget-container\">\n\t\t\t\t\t<span class=\"elementor-heading-title elementor-size-default\">Access &amp; contact<\/span>\t\t\t\t<\/div>\n\t\t\t\t<\/div>\n\t\t\t\t<div class=\"elementor-element elementor-element-b69c7e6 elementor-widget elementor-widget-heading\" data-id=\"b69c7e6\" data-element_type=\"widget\" data-widget_type=\"heading.default\">\n\t\t\t\t<div class=\"elementor-widget-container\">\n\t\t\t\t\t<h1 class=\"elementor-heading-title elementor-size-default\">Prestige accommodation in the Var<\/h1>\t\t\t\t<\/div>\n\t\t\t\t<\/div>\n\t\t\t\t<\/div>\n\t\t<div class=\"elementor-element elementor-element-97adf77 e-con-full e-flex e-con e-parent\" data-id=\"97adf77\" data-element_type=\"container\" id=\"first-content\">\n\t\t\t\t<div class=\"elementor-element elementor-element-1035505 elementor-widget elementor-widget-heading\" data-id=\"1035505\" data-element_type=\"widget\" data-widget_type=\"heading.default\">\n\t\t\t\t<div class=\"elementor-widget-container\">\n\t\t\t\t\t<h2 class=\"elementor-heading-title elementor-size-default\">Contact<\/h2>\t\t\t\t<\/div>\n\t\t\t\t<\/div>\n\t\t<div class=\"elementor-element elementor-element-8b9ebac e-flex e-con-boxed e-con e-child\" data-id=\"8b9ebac\" data-element_type=\"container\">\n\t\t\t\t\t<div class=\"e-con-inner\">\n\t\t<div class=\"elementor-element elementor-element-384edfd e-con-full e-flex e-con e-child\" data-id=\"384edfd\" data-element_type=\"container\">\n\t\t\t\t<div class=\"elementor-element elementor-element-a6b8686 elementor-widget elementor-widget-heading\" data-id=\"a6b8686\" data-element_type=\"widget\" data-widget_type=\"heading.default\">\n\t\t\t\t<div class=\"elementor-widget-container\">\n\t\t\t\t\t<h2 class=\"elementor-heading-title elementor-size-default\">Ch\u00e2teau Pimo<\/h2>\t\t\t\t<\/div>\n\t\t\t\t<\/div>\n\t\t\t\t<div class=\"elementor-element elementor-element-ccee7ca elementor-widget elementor-widget-text-editor\" data-id=\"ccee7ca\" data-element_type=\"widget\" data-widget_type=\"text-editor.default\">\n\t\t\t\t<div class=\"elementor-widget-container\">\n\t\t\t\t\t\t\t\t\t<p>767 CHEMIN DE LA GARRIGUE<\/p><p>83300 DRAGUIGNAN<\/p><p>+33 (0)6 07 01 63 17<\/p>\t\t\t\t\t\t\t\t<\/div>\n\t\t\t\t<\/div>\n\t\t<div class=\"elementor-element elementor-element-18b44e6 e-flex e-con-boxed e-con e-child\" data-id=\"18b44e6\" data-element_type=\"container\">\n\t\t\t\t\t<div class=\"e-con-inner\">\n\t\t\t\t<div class=\"elementor-element elementor-element-5a64cca elementor-view-default elementor-widget elementor-widget-icon\" data-id=\"5a64cca\" data-element_type=\"widget\" data-widget_type=\"icon.default\">\n\t\t\t\t<div class=\"elementor-widget-container\">\n\t\t\t\t\t\t\t<div class=\"elementor-icon-wrapper\">\n\t\t\t<a class=\"elementor-icon\" href=\"https:\/\/www.instagram.com\/chateaupimo\/\" target=\"_blank\" rel=\"nofollow noopener\">\n\t\t\t<i aria-hidden=\"true\" class=\"eliofont eliofont-instagram\"><\/i>\t\t\t<\/a>\n\t\t<\/div>\n\t\t\t\t\t\t<\/div>\n\t\t\t\t<\/div>\n\t\t\t\t\t<\/div>\n\t\t\t\t<\/div>\n\t\t\t\t<\/div>\n\t\t<div class=\"elementor-element elementor-element-a448c43 e-con-full e-flex e-con e-child\" data-id=\"a448c43\" data-element_type=\"container\">\n\t\t\t\t<div class=\"elementor-element elementor-element-3d7d481 elementor-widget-tablet__width-inherit elementor-widget elementor-widget-form\" data-id=\"3d7d481\" data-element_type=\"widget\" data-settings=\"{&quot;button_width&quot;:&quot;50&quot;,&quot;step_next_label&quot;:&quot;Suivant&quot;,&quot;step_previous_label&quot;:&quot;Pr\\u00e9c\\u00e9dent&quot;,&quot;step_type&quot;:&quot;number_text&quot;,&quot;step_icon_shape&quot;:&quot;circle&quot;}\" data-widget_type=\"form.default\">\n\t\t\t\t<div class=\"elementor-widget-container\">\n\t\t\t\t\t\t\t<form class=\"elementor-form\" method=\"post\" name=\"Formulaire de contact\" aria-label=\"Contact form\" action=\"\">\n\t\t\t<input type=\"hidden\" name=\"post_id\" value=\"1003\"\/>\n\t\t\t<input type=\"hidden\" name=\"form_id\" value=\"3d7d481\"\/>\n\t\t\t<input type=\"hidden\" name=\"referer_title\" value=\"Hotel spa Var\" \/>\n\n\t\t\t\n\t\t\t<div class=\"elementor-form-fields-wrapper elementor-labels-\">\n\t\t\t\t\t\t\t\t<div class=\"elementor-field-type-text elementor-field-group elementor-column elementor-field-group-name elementor-col-100 elementor-field-required\">\n\t\t\t\t\t\t\t\t\t\t\t\t<label for=\"form-field-name\" class=\"elementor-field-label elementor-screen-only\">\n\t\t\t\t\t\t\t\tFirst name\t\t\t\t\t\t\t<\/label>\n\t\t\t\t\t\t\t\t\t\t\t\t\t\t<input size=\"1\" type=\"text\" name=\"form_fields[name]\" id=\"form-field-name\" class=\"elementor-field elementor-size-sm  elementor-field-textual\" placeholder=\"Your first name\" required=\"required\">\n\t\t\t\t\t\t\t\t\t\t\t<\/div>\n\t\t\t\t\t\t\t\t<div class=\"elementor-field-type-text elementor-field-group elementor-column elementor-field-group-field_8703dc6 elementor-col-100 elementor-field-required\">\n\t\t\t\t\t\t\t\t\t\t\t\t<label for=\"form-field-field_8703dc6\" class=\"elementor-field-label elementor-screen-only\">\n\t\t\t\t\t\t\t\tName\t\t\t\t\t\t\t<\/label>\n\t\t\t\t\t\t\t\t\t\t\t\t\t\t<input size=\"1\" type=\"text\" name=\"form_fields[field_8703dc6]\" id=\"form-field-field_8703dc6\" class=\"elementor-field elementor-size-sm  elementor-field-textual\" placeholder=\"Your name\" required=\"required\">\n\t\t\t\t\t\t\t\t\t\t\t<\/div>\n\t\t\t\t\t\t\t\t<div class=\"elementor-field-type-email elementor-field-group elementor-column elementor-field-group-field_7e0b052 elementor-col-100 elementor-field-required\">\n\t\t\t\t\t\t\t\t\t\t\t\t<label for=\"form-field-field_7e0b052\" class=\"elementor-field-label elementor-screen-only\">\n\t\t\t\t\t\t\t\tE-mail\t\t\t\t\t\t\t<\/label>\n\t\t\t\t\t\t\t\t\t\t\t\t\t\t<input size=\"1\" type=\"email\" name=\"form_fields[field_7e0b052]\" id=\"form-field-field_7e0b052\" class=\"elementor-field elementor-size-sm  elementor-field-textual\" placeholder=\"Your e-mail\" required=\"required\">\n\t\t\t\t\t\t\t\t\t\t\t<\/div>\n\t\t\t\t\t\t\t\t<div class=\"elementor-field-type-tel elementor-field-group elementor-column elementor-field-group-field_2a53bfa elementor-col-100 elementor-field-required\">\n\t\t\t\t\t\t\t\t\t\t\t\t<label for=\"form-field-field_2a53bfa\" class=\"elementor-field-label elementor-screen-only\">\n\t\t\t\t\t\t\t\tTel\t\t\t\t\t\t\t<\/label>\n\t\t\t\t\t\t\t\t<input size=\"1\" type=\"tel\" name=\"form_fields[field_2a53bfa]\" id=\"form-field-field_2a53bfa\" class=\"elementor-field elementor-size-sm  elementor-field-textual\" placeholder=\"Your telephone number\" required=\"required\" pattern=\"[0-9()#&amp;+*-=.]+\" title=\"Only numbers and phone characters (#, -, *, etc) are accepted.\">\n\n\t\t\t\t\t\t<\/div>\n\t\t\t\t\t\t\t\t<div class=\"elementor-field-type-text elementor-field-group elementor-column elementor-field-group-field_7454a64 elementor-col-100 elementor-field-required\">\n\t\t\t\t\t\t\t\t\t\t\t\t<label for=\"form-field-field_7454a64\" class=\"elementor-field-label elementor-screen-only\">\n\t\t\t\t\t\t\t\tSubject\t\t\t\t\t\t\t<\/label>\n\t\t\t\t\t\t\t\t\t\t\t\t\t\t<input size=\"1\" type=\"text\" name=\"form_fields[field_7454a64]\" id=\"form-field-field_7454a64\" class=\"elementor-field elementor-size-sm  elementor-field-textual\" placeholder=\"Subject\" required=\"required\">\n\t\t\t\t\t\t\t\t\t\t\t<\/div>\n\t\t\t\t\t\t\t\t<div class=\"elementor-field-type-textarea elementor-field-group elementor-column elementor-field-group-field_0a38f0a elementor-col-100 elementor-field-required\">\n\t\t\t\t\t\t\t\t\t\t\t\t<label for=\"form-field-field_0a38f0a\" class=\"elementor-field-label elementor-screen-only\">\n\t\t\t\t\t\t\t\tMessage\t\t\t\t\t\t\t<\/label>\n\t\t\t\t\t\t<textarea class=\"elementor-field-textual elementor-field  elementor-size-sm\" name=\"form_fields[field_0a38f0a]\" id=\"form-field-field_0a38f0a\" rows=\"4\" placeholder=\"Your message\" required=\"required\"><\/textarea>\t\t\t\t<\/div>\n\t\t\t\t\t\t\t\t<div class=\"elementor-field-type-acceptance elementor-field-group elementor-column elementor-field-group-field_580d704 elementor-col-100\">\n\t\t\t\t\t\t\t<div class=\"elementor-field-subgroup\">\n\t\t\t<span class=\"elementor-field-option\">\n\t\t\t\t<input type=\"checkbox\" name=\"form_fields[field_580d704]\" id=\"form-field-field_580d704\" class=\"elementor-field elementor-size-sm  elementor-acceptance-field\">\n\t\t\t\t<label for=\"form-field-field_580d704\">Yes I give my consent *<\/label>\t\t\t<\/span>\n\t\t<\/div>\n\t\t\t\t\t\t<\/div>\n\t\t\t\t\t\t\t\t<div class=\"elementor-field-type-recaptcha_v3 elementor-field-group elementor-column elementor-field-group-field_f57ef6e elementor-col-100 recaptcha_v3-bottomright\">\n\t\t\t\t\t<div class=\"elementor-field\" id=\"form-field-field_f57ef6e\"><div class=\"elementor-g-recaptcha\" data-sitekey=\"6Ld6ql4qAAAAAFqk2jEk0dIvgqjIy-2p1NtYMyvB\" data-type=\"v3\" data-action=\"Form\" data-badge=\"bottomright\" data-size=\"invisible\"><\/div><\/div>\t\t\t\t<\/div>\n\t\t\t\t\t\t\t\t<div class=\"elementor-field-type-html elementor-field-group elementor-column elementor-field-group-field_4fae223 elementor-col-100\">\n\t\t\t\t\t<div class=\"elementor-text-editor elementor-clearfix\">\n\t\t\t\t<p>*Mandatory fields. This information will remain confidential and will never be passed on to any organisation whatsoever.<\/p><p>**By submitting this form, I agree that the information entered on this form may be used and processed for the purpose of contacting me in connection with my request for information, whether by e-mail or telephone. To find out about and exercise your rights, in particular to withdraw your consent to the use of data collected by this form. Please consult our privacy policy. <a href=\"https:\/\/www.chateaupimo.fr\/en\/legal-information\/\"><span>Legal information<\/span><\/a><\/p><p>This site is protected by reCAPTCHA - <a href=\"https:\/\/policies.google.com\/privacy\" target=\"_blank\" rel=\"nofollow noopener\"><span>privacy policy<\/span><\/a> and <a href=\"https:\/\/policies.google.com\/terms\" target=\"_blank\" rel=\"nofollow noopener\"><span>conditions of service<\/span><\/a> apply.<\/p>\t\t\t\t\t<\/div>\t\t\t\t<\/div>\n\t\t\t\t\t\t\t\t<div class=\"elementor-field-group elementor-column elementor-field-type-submit elementor-col-50 e-form__buttons\">\n\t\t\t\t\t<button class=\"elementor-button elementor-size-sm\" type=\"submit\">\n\t\t\t\t\t\t<span class=\"elementor-button-content-wrapper\">\n\t\t\t\t\t\t\t\t\t\t\t\t\t\t\t\t\t\t\t\t\t\t<span class=\"elementor-button-text\">Send<\/span>\n\t\t\t\t\t\t\t\t\t\t\t\t\t<\/span>\n\t\t\t\t\t<\/button>\n\t\t\t\t<\/div>\n\t\t\t<\/div>\n\t\t<input type=\"hidden\" name=\"trp-form-language\" value=\"en\"\/><\/form>\n\t\t\t\t\t\t<\/div>\n\t\t\t\t<\/div>\n\t\t\t\t<\/div>\n\t\t\t\t\t<\/div>\n\t\t\t\t<\/div>\n\t\t\t\t<\/div>\n\t\t<div class=\"elementor-element elementor-element-d2b0dea e-flex e-con-boxed e-con e-parent\" data-id=\"d2b0dea\" data-element_type=\"container\">\n\t\t\t\t\t<div class=\"e-con-inner\">\n\t\t\t\t<div class=\"elementor-element elementor-element-c25b5d5 elementor-widget elementor-widget-heading\" data-id=\"c25b5d5\" data-element_type=\"widget\" data-widget_type=\"heading.default\">\n\t\t\t\t<div class=\"elementor-widget-container\">\n\t\t\t\t\t<h2 class=\"elementor-heading-title elementor-size-default\">How do I get there?<\/h2>\t\t\t\t<\/div>\n\t\t\t\t<\/div>\n\t\t<div class=\"elementor-element elementor-element-541cd4f e-con-full e-flex e-con e-child\" data-id=\"541cd4f\" data-element_type=\"container\">\n\t\t<div class=\"elementor-element elementor-element-f84fe1e e-con-full e-flex e-con e-child\" data-id=\"f84fe1e\" data-element_type=\"container\">\n\t\t\t\t<div class=\"elementor-element elementor-element-fdd4527 elementor-widget__width-initial e-n-tabs-mobile elementor-widget elementor-widget-n-tabs\" data-id=\"fdd4527\" data-element_type=\"widget\" data-widget_type=\"nested-tabs.default\">\n\t\t\t\t<div class=\"elementor-widget-container\">\n\t\t\t\t\t\t\t<div class=\"e-n-tabs\" data-widget-number=\"266159399\" aria-label=\"Tabs. Open items with Enter or Space, close with Escape and navigate using the Arrow keys.\">\n\t\t\t<div class=\"e-n-tabs-heading\" role=\"tablist\">\n\t\t\t\t\t<button id=\"e-n-tab-title-2661593991\" class=\"e-n-tab-title\" aria-selected=\"true\" data-tab-index=\"1\" role=\"tab\" tabindex=\"0\" aria-controls=\"e-n-tab-content-2661593991\" style=\"--n-tabs-title-order: 1;\">\n\t\t\t\t\t<span class=\"e-n-tab-icon\">\n\t\t\t<i aria-hidden=\"true\" class=\"eliofont eliofont-car\"><\/i>\t\t\t<i aria-hidden=\"true\" class=\"eliofont eliofont-car\"><\/i>\t\t<\/span>\n\t\t\t\t\t<span class=\"e-n-tab-title-text\">\n\t\t\t\tBy car\t\t\t<\/span>\n\t\t<\/button>\n\t\t\t\t<button id=\"e-n-tab-title-2661593992\" class=\"e-n-tab-title\" aria-selected=\"false\" data-tab-index=\"2\" role=\"tab\" tabindex=\"-1\" aria-controls=\"e-n-tab-content-2661593992\" style=\"--n-tabs-title-order: 2;\">\n\t\t\t\t\t<span class=\"e-n-tab-icon\">\n\t\t\t<i aria-hidden=\"true\" class=\"eliofont eliofont-plane\"><\/i>\t\t\t<i aria-hidden=\"true\" class=\"eliofont eliofont-plane\"><\/i>\t\t<\/span>\n\t\t\t\t\t<span class=\"e-n-tab-title-text\">\n\t\t\t\tBy plane\t\t\t<\/span>\n\t\t<\/button>\n\t\t\t\t<button id=\"e-n-tab-title-2661593993\" class=\"e-n-tab-title\" aria-selected=\"false\" data-tab-index=\"3\" role=\"tab\" tabindex=\"-1\" aria-controls=\"e-n-tab-content-2661593993\" style=\"--n-tabs-title-order: 3;\">\n\t\t\t\t\t<span class=\"e-n-tab-icon\">\n\t\t\t<i aria-hidden=\"true\" class=\"eliofont eliofont-train\"><\/i>\t\t\t<i aria-hidden=\"true\" class=\"eliofont eliofont-train\"><\/i>\t\t<\/span>\n\t\t\t\t\t<span class=\"e-n-tab-title-text\">\n\t\t\t\tBy train\t\t\t<\/span>\n\t\t<\/button>\n\t\t\t\t\t<\/div>\n\t\t\t<div class=\"e-n-tabs-content\">\n\t\t\t\t<div id=\"e-n-tab-content-2661593991\" role=\"tabpanel\" aria-labelledby=\"e-n-tab-title-2661593991\" data-tab-index=\"1\" style=\"--n-tabs-title-order: 1;\" class=\"e-active elementor-element elementor-element-107f80f e-con-full e-flex e-con e-child\" data-id=\"107f80f\" data-element_type=\"container\" data-settings=\"{&quot;background_background&quot;:&quot;classic&quot;}\">\n\t\t\t\t<div class=\"elementor-element elementor-element-67bd1f3 elementor-widget elementor-widget-text-editor\" data-id=\"67bd1f3\" data-element_type=\"widget\" data-widget_type=\"text-editor.default\">\n\t\t\t\t<div class=\"elementor-widget-container\">\n\t\t\t\t\t\t\t\t\t<p>Arriving from Paris, Lyon or Marseille, follow the A8 to exit 36 Saint-Tropez to Draguignan. Ch\u00e2teau Pimo is a 5-minute drive from the centre of Draguignan.<\/p>\t\t\t\t\t\t\t\t<\/div>\n\t\t\t\t<\/div>\n\t\t\t\t<\/div>\n\t\t<div id=\"e-n-tab-content-2661593992\" role=\"tabpanel\" aria-labelledby=\"e-n-tab-title-2661593992\" data-tab-index=\"2\" style=\"--n-tabs-title-order: 2;\" class=\"elementor-element elementor-element-778bbab e-con-full e-flex e-con e-child\" data-id=\"778bbab\" data-element_type=\"container\" data-settings=\"{&quot;background_background&quot;:&quot;classic&quot;}\">\n\t\t\t\t<div class=\"elementor-element elementor-element-9626e26 elementor-widget elementor-widget-text-editor\" data-id=\"9626e26\" data-element_type=\"widget\" data-widget_type=\"text-editor.default\">\n\t\t\t\t<div class=\"elementor-widget-container\">\n\t\t\t\t\t\t\t\t\t<p>Gulf of Saint-Tropez airport, Nice international airport <span style=\"color: var( --e-global-color-text ); font-family: var( --e-global-typography-text-font-family ), Sans-serif; font-size: var( --e-global-typography-text-font-size ); font-style: var( --e-global-typography-text-font-style ); font-weight: var( --e-global-typography-text-font-weight ); text-transform: var( --e-global-typography-text-text-transform ); background-color: var( --e-global-color-05b3fb7 );\">are 1 hour's drive from Ch\u00e2teau Pimo, those of Toulon-Hy\u00e8res\u00a0<\/span><span style=\"color: var( --e-global-color-text ); font-family: var( --e-global-typography-text-font-family ), Sans-serif; font-size: var( --e-global-typography-text-font-size ); font-style: var( --e-global-typography-text-font-style ); font-weight: var( --e-global-typography-text-font-weight ); text-transform: var( --e-global-typography-text-text-transform ); background-color: var( --e-global-color-05b3fb7 );\">and\u00a0<\/span><span style=\"color: var( --e-global-color-text ); font-family: var( --e-global-typography-text-font-family ), Sans-serif; font-size: var( --e-global-typography-text-font-size ); font-style: var( --e-global-typography-text-font-style ); font-weight: var( --e-global-typography-text-font-weight ); text-transform: var( --e-global-typography-text-text-transform ); background-color: var( --e-global-color-05b3fb7 );\">international airport<\/span><span style=\"color: var( --e-global-color-text ); font-family: var( --e-global-typography-text-font-family ), Sans-serif; font-size: var( --e-global-typography-text-font-size ); font-style: var( --e-global-typography-text-font-style ); font-weight: var( --e-global-typography-text-font-weight ); text-transform: var( --e-global-typography-text-text-transform ); background-color: var( --e-global-color-05b3fb7 );\">\u00a0Marseille\u00a0<\/span><span style=\"background-color: var( --e-global-color-05b3fb7 ); color: var( --e-global-color-text ); font-family: var( --e-global-typography-text-font-family ), Sans-serif; font-size: var( --e-global-typography-text-font-size ); font-style: var( --e-global-typography-text-font-style ); font-weight: var( --e-global-typography-text-font-weight ); text-transform: var( --e-global-typography-text-text-transform );\">at 1.15 am.<\/span><\/p>\t\t\t\t\t\t\t\t<\/div>\n\t\t\t\t<\/div>\n\t\t\t\t<\/div>\n\t\t<div id=\"e-n-tab-content-2661593993\" role=\"tabpanel\" aria-labelledby=\"e-n-tab-title-2661593993\" data-tab-index=\"3\" style=\"--n-tabs-title-order: 3;\" class=\"elementor-element elementor-element-47107c9 e-con-full e-flex e-con e-child\" data-id=\"47107c9\" data-element_type=\"container\" data-settings=\"{&quot;background_background&quot;:&quot;classic&quot;}\">\n\t\t\t\t<div class=\"elementor-element elementor-element-689317f elementor-widget elementor-widget-text-editor\" data-id=\"689317f\" data-element_type=\"widget\" data-widget_type=\"text-editor.default\">\n\t\t\t\t<div class=\"elementor-widget-container\">\n\t\t\t\t\t\t\t\t\t<p>There are TGV links to Les Arcs - Draguignan station from Paris. The station is a 20-minute drive from Chateau Pimo. Transfers are available<\/p>\t\t\t\t\t\t\t\t<\/div>\n\t\t\t\t<\/div>\n\t\t\t\t<\/div>\n\t\t\t\t\t<\/div>\n\t\t<\/div>\n\t\t\t\t\t\t<\/div>\n\t\t\t\t<\/div>\n\t\t\t\t<\/div>\n\t\t\t\t<div class=\"elementor-element elementor-element-34faf51 elementor-widget__width-initial elementor-widget elementor-widget-text-editor\" data-id=\"34faf51\" data-element_type=\"widget\" data-widget_type=\"text-editor.default\">\n\t\t\t\t<div class=\"elementor-widget-container\">\n\t\t\t\t\t\t\t\t\t<p>A charming hotel in the heart of the Var, Ch\u00e2teau Pimo is located on the heights of Draguignan, just a few minutes away by car. Behind the gates of 767 chemin de la Garrigue lies a verdant paradise of calm.<\/p>\t\t\t\t\t\t\t\t<\/div>\n\t\t\t\t<\/div>\n\t\t\t\t<\/div>\n\t\t\t\t\t<\/div>\n\t\t\t\t<\/div>\n\t\t\t\t<\/div>","protected":false},"excerpt":{"rendered":"<p>Access &amp; contact Prestige accommodation in the Var Contact Ch\u00e2teau Pimo 767 CHEMIN DE LA GARRIGUE 83300 DRAGUIGNAN +33 (0)6 07 01 63 17 How to get here? By car By plane By train Arriving from Paris, Lyon, Marseille, follow the A8 until exit 36 Saint-Tropez to Draguignan. Ch\u00e2teau Pimo is just 5 minutes [...]<\/p>","protected":false},"author":1,"featured_media":0,"parent":0,"menu_order":0,"comment_status":"closed","ping_status":"closed","template":"","meta":{"_acf_changed":false,"inline_featured_image":false,"footnotes":""},"class_list":["post-1003","page","type-page","status-publish","hentry"],"acf":[],"yoast_head":"<!-- This site is optimized with the Yoast SEO plugin v26.2 - https:\/\/yoast.com\/wordpress\/plugins\/seo\/ -->\n<title>Acc\u00e8s et contact - Hotel spa Var<\/title>\n<meta name=\"robots\" content=\"index, follow, max-snippet:-1, max-image-preview:large, max-video-preview:-1\" \/>\n<link rel=\"canonical\" href=\"https:\/\/www.chateaupimo.fr\/en\/access-and-contact-hotel-de-charme-var\/\" \/>\n<meta property=\"og:locale\" content=\"en_GB\" \/>\n<meta property=\"og:type\" content=\"article\" \/>\n<meta property=\"og:title\" content=\"Acc\u00e8s et contact - Hotel spa Var\" \/>\n<meta property=\"og:description\" content=\"Acc\u00e8s &amp; contact H\u00e9bergement de prestige dans le Var Contact Ch\u00e2teau Pimo 767 CHEMIN DE LA GARRIGUE 83300 DRAGUIGNAN +33 (0)6 07 01 63 17 Comment venir ? En voiture En avion En train En arrivant depuis Paris, Lyon, Marseille, suivre l\u2019A8 jusqu\u2019\u00e0 la sortie 36 Saint-Tropez jusqu\u2019\u00e0 Draguignan. Ch\u00e2teau Pimo se trouve \u00e0 5 [&hellip;]\" \/>\n<meta property=\"og:url\" content=\"https:\/\/www.chateaupimo.fr\/en\/access-and-contact-hotel-de-charme-var\/\" \/>\n<meta property=\"og:site_name\" content=\"Hotel spa Var\" \/>\n<meta property=\"article:modified_time\" content=\"2025-10-20T12:37:33+00:00\" \/>\n<meta name=\"twitter:card\" content=\"summary_large_image\" \/>\n<meta name=\"twitter:label1\" content=\"Estimated reading time\" \/>\n\t<meta name=\"twitter:data1\" content=\"2 minutes\" \/>\n<script type=\"application\/ld+json\" class=\"yoast-schema-graph\">{\"@context\":\"https:\/\/schema.org\",\"@graph\":[{\"@type\":\"WebPage\",\"@id\":\"https:\/\/www.chateaupimo.fr\/acces-et-contact-hotel-de-charme-var\/\",\"url\":\"https:\/\/www.chateaupimo.fr\/acces-et-contact-hotel-de-charme-var\/\",\"name\":\"Acc\u00e8s et contact - Hotel spa Var\",\"isPartOf\":{\"@id\":\"https:\/\/www.chateaupimo.fr\/#website\"},\"datePublished\":\"2023-07-10T08:03:29+00:00\",\"dateModified\":\"2025-10-20T12:37:33+00:00\",\"breadcrumb\":{\"@id\":\"https:\/\/www.chateaupimo.fr\/acces-et-contact-hotel-de-charme-var\/#breadcrumb\"},\"inLanguage\":\"en-GB\",\"potentialAction\":[{\"@type\":\"ReadAction\",\"target\":[\"https:\/\/www.chateaupimo.fr\/acces-et-contact-hotel-de-charme-var\/\"]}]},{\"@type\":\"BreadcrumbList\",\"@id\":\"https:\/\/www.chateaupimo.fr\/acces-et-contact-hotel-de-charme-var\/#breadcrumb\",\"itemListElement\":[{\"@type\":\"ListItem\",\"position\":1,\"name\":\"Accueil\",\"item\":\"https:\/\/www.chateaupimo.fr\/\"},{\"@type\":\"ListItem\",\"position\":2,\"name\":\"Acc\u00e8s et contact\"}]},{\"@type\":\"WebSite\",\"@id\":\"https:\/\/www.chateaupimo.fr\/#website\",\"url\":\"https:\/\/www.chateaupimo.fr\/\",\"name\":\"Hotel spa Var\",\"description\":\"Chateau mariage Var\",\"potentialAction\":[{\"@type\":\"SearchAction\",\"target\":{\"@type\":\"EntryPoint\",\"urlTemplate\":\"https:\/\/www.chateaupimo.fr\/?s={search_term_string}\"},\"query-input\":{\"@type\":\"PropertyValueSpecification\",\"valueRequired\":true,\"valueName\":\"search_term_string\"}}],\"inLanguage\":\"en-GB\"}]}<\/script>\n<!-- \/ Yoast SEO plugin. -->","yoast_head_json":{"title":"Access and contact - Hotel spa Var","robots":{"index":"index","follow":"follow","max-snippet":"max-snippet:-1","max-image-preview":"max-image-preview:large","max-video-preview":"max-video-preview:-1"},"canonical":"https:\/\/www.chateaupimo.fr\/en\/access-and-contact-hotel-de-charme-var\/","og_locale":"en_GB","og_type":"article","og_title":"Acc\u00e8s et contact - Hotel spa Var","og_description":"Acc\u00e8s &amp; contact H\u00e9bergement de prestige dans le Var Contact Ch\u00e2teau Pimo 767 CHEMIN DE LA GARRIGUE 83300 DRAGUIGNAN +33 (0)6 07 01 63 17 Comment venir ? En voiture En avion En train En arrivant depuis Paris, Lyon, Marseille, suivre l\u2019A8 jusqu\u2019\u00e0 la sortie 36 Saint-Tropez jusqu\u2019\u00e0 Draguignan. Ch\u00e2teau Pimo se trouve \u00e0 5 [&hellip;]","og_url":"https:\/\/www.chateaupimo.fr\/en\/access-and-contact-hotel-de-charme-var\/","og_site_name":"Hotel spa Var","article_modified_time":"2025-10-20T12:37:33+00:00","twitter_card":"summary_large_image","twitter_misc":{"Estimated reading time":"2 minutes"},"schema":{"@context":"https:\/\/schema.org","@graph":[{"@type":"WebPage","@id":"https:\/\/www.chateaupimo.fr\/acces-et-contact-hotel-de-charme-var\/","url":"https:\/\/www.chateaupimo.fr\/acces-et-contact-hotel-de-charme-var\/","name":"Access and contact - Hotel spa Var","isPartOf":{"@id":"https:\/\/www.chateaupimo.fr\/#website"},"datePublished":"2023-07-10T08:03:29+00:00","dateModified":"2025-10-20T12:37:33+00:00","breadcrumb":{"@id":"https:\/\/www.chateaupimo.fr\/acces-et-contact-hotel-de-charme-var\/#breadcrumb"},"inLanguage":"en-GB","potentialAction":[{"@type":"ReadAction","target":["https:\/\/www.chateaupimo.fr\/acces-et-contact-hotel-de-charme-var\/"]}]},{"@type":"BreadcrumbList","@id":"https:\/\/www.chateaupimo.fr\/acces-et-contact-hotel-de-charme-var\/#breadcrumb","itemListElement":[{"@type":"ListItem","position":1,"name":"Accueil","item":"https:\/\/www.chateaupimo.fr\/"},{"@type":"ListItem","position":2,"name":"Acc\u00e8s et contact"}]},{"@type":"WebSite","@id":"https:\/\/www.chateaupimo.fr\/#website","url":"https:\/\/www.chateaupimo.fr\/","name":"Hotel spa Var","description":"Chateau wedding Var","potentialAction":[{"@type":"SearchAction","target":{"@type":"EntryPoint","urlTemplate":"https:\/\/www.chateaupimo.fr\/?s={search_term_string}"},"query-input":{"@type":"PropertyValueSpecification","valueRequired":true,"valueName":"search_term_string"}}],"inLanguage":"en-GB"}]}},"_links":{"self":[{"href":"https:\/\/www.chateaupimo.fr\/en\/wp-json\/wp\/v2\/pages\/1003","targetHints":{"allow":["GET"]}}],"collection":[{"href":"https:\/\/www.chateaupimo.fr\/en\/wp-json\/wp\/v2\/pages"}],"about":[{"href":"https:\/\/www.chateaupimo.fr\/en\/wp-json\/wp\/v2\/types\/page"}],"author":[{"embeddable":true,"href":"https:\/\/www.chateaupimo.fr\/en\/wp-json\/wp\/v2\/users\/1"}],"replies":[{"embeddable":true,"href":"https:\/\/www.chateaupimo.fr\/en\/wp-json\/wp\/v2\/comments?post=1003"}],"version-history":[{"count":152,"href":"https:\/\/www.chateaupimo.fr\/en\/wp-json\/wp\/v2\/pages\/1003\/revisions"}],"predecessor-version":[{"id":5367,"href":"https:\/\/www.chateaupimo.fr\/en\/wp-json\/wp\/v2\/pages\/1003\/revisions\/5367"}],"wp:attachment":[{"href":"https:\/\/www.chateaupimo.fr\/en\/wp-json\/wp\/v2\/media?parent=1003"}],"curies":[{"name":"wp","href":"https:\/\/api.w.org\/{rel}","templated":true}]}}